{"id":9739,"date":"2022-05-11T08:21:21","date_gmt":"2022-05-11T08:21:21","guid":{"rendered":"https:\/\/www.hakkakul.com\/about-hakkakul-law-firm\/"},"modified":"2025-09-30T19:56:38","modified_gmt":"2025-09-30T19:56:38","slug":"about-hakkakul-law-firm","status":"publish","type":"page","link":"http:\/\/www.hakkakul.com\/en\/about-hakkakul-law-firm\/","title":{"rendered":"About Hakkakul Law Firm"},"content":{"rendered":"\t\t<div data-elementor-type=\"wp-page\" data-elementor-id=\"9739\" class=\"elementor elementor-9739 elementor-452\" data-elementor-post-type=\"page\">\n\t\t\t\t\t\t<section class=\"elementor-section elementor-top-section elementor-element elementor-element-e1df0a1 elementor-section-full_width elementor-section-height-default elementor-section-height-default\" data-id=\"e1df0a1\" data-element_type=\"section\" data-e-type=\"section\" data-settings=\"{&quot;background_background&quot;:&quot;classic&quot;}\">\n\t\t\t\t\t\t<div class=\"elementor-container elementor-column-gap-default\">\n\t\t\t\t\t<div class=\"elementor-column elementor-col-100 elementor-top-column elementor-element elementor-element-6292210b\" data-id=\"6292210b\" data-element_type=\"column\" data-e-type=\"column\">\n\t\t\t<div class=\"elementor-widget-wrap elementor-element-populated\">\n\t\t\t\t\t\t\t<\/div>\n\t\t<\/div>\n\t\t\t\t\t<\/div>\n\t\t<\/section>\n\t\t\t\t<section class=\"elementor-section elementor-top-section elementor-element elementor-element-103879e elementor-section-boxed elementor-section-height-default elementor-section-height-default\" data-id=\"103879e\" data-element_type=\"section\" data-e-type=\"section\">\n\t\t\t\t\t\t<div class=\"elementor-container elementor-column-gap-default\">\n\t\t\t\t\t<div class=\"elementor-column elementor-col-100 elementor-top-column elementor-element elementor-element-0064f2f\" data-id=\"0064f2f\" data-element_type=\"column\" data-e-type=\"column\">\n\t\t\t<div class=\"elementor-widget-wrap elementor-element-populated\">\n\t\t\t\t\t\t<div class=\"elementor-element elementor-element-d7b8742 elementor-widget elementor-widget-image\" data-id=\"d7b8742\" data-element_type=\"widget\" data-e-type=\"widget\" data-widget_type=\"image.default\">\n\t\t\t\t<div class=\"elementor-widget-container\">\n\t\t\t\t\t\t\t\t\t\t\t\t\t\t\t<img decoding=\"async\" width=\"300\" height=\"72\" src=\"https:\/\/www.hakkakul.com\/wp-content\/uploads\/2022\/04\/Hakkakul-Logo-2022-300x72.png\" class=\"attachment-medium size-medium wp-image-9738\" alt=\"Hakkakul Logo\" srcset=\"https:\/\/www.hakkakul.com\/wp-content\/uploads\/2022\/04\/Hakkakul-Logo-2022-300x72.png 300w, https:\/\/www.hakkakul.com\/wp-content\/uploads\/2022\/04\/Hakkakul-Logo-2022.png 700w\" sizes=\"(max-width: 300px) 100vw, 300px\" \/>\t\t\t\t\t\t\t\t\t\t\t\t\t\t\t<\/div>\n\t\t\t\t<\/div>\n\t\t\t\t<div class=\"elementor-element elementor-element-ad4cf26 elementor-widget__width-initial elementor-widget elementor-widget-text-editor\" data-id=\"ad4cf26\" data-element_type=\"widget\" data-e-type=\"widget\" data-widget_type=\"text-editor.default\">\n\t\t\t\t<div class=\"elementor-widget-container\">\n\t\t\t\t\t\t\t\t\t<p>Established in 2010 by Seyyid Ahmet Hakkakul, Esquire, Hakkakul Law Firm has built its reputation on three guiding principles: effectiveness, reliability, and creativity. Our mission is to deliver high-quality legal representation and strategic counsel to both domestic and international clients.<\/p><p>We are particularly recognized for our expertise in Public Procurement Law, Corporate and Commercial Law, and Employment Law. Over the years, we have advised leading firms in the pharmaceutical, medical devices, construction, software, and chemical industries, ensuring they navigate complex legal and regulatory environments with confidence.<\/p><p>For many international firms operating or investing in Turkey, we provide tailored legal support in public procurement disputes, commercial and employment-related conflicts, and debt recovery matters. Our firm\u2019s in-depth knowledge of Turkish law and extensive litigation experience allow us to deliver practical solutions that help foreign businesses protect their rights and achieve their objectives in the Turkish market.<\/p><p>Beyond client representation, our firm actively contributes to the development of legal scholarship by participating in and supporting numerous national and international conferences and academic initiatives focused on Public Procurement Law.<\/p>\t\t\t\t\t\t\t\t<\/div>\n\t\t\t\t<\/div>\n\t\t\t\t\t<\/div>\n\t\t<\/div>\n\t\t\t\t\t<\/div>\n\t\t<\/section>\n\t\t\t\t<section class=\"elementor-section elementor-top-section elementor-element elementor-element-ed7c494 elementor-section-boxed elementor-section-height-default elementor-section-height-default\" data-id=\"ed7c494\" data-element_type=\"section\" data-e-type=\"section\">\n\t\t\t\t\t\t<div class=\"elementor-container elementor-column-gap-default\">\n\t\t\t\t\t<div class=\"elementor-column elementor-col-100 elementor-top-column elementor-element elementor-element-c527a2f\" data-id=\"c527a2f\" data-element_type=\"column\" data-e-type=\"column\">\n\t\t\t<div class=\"elementor-widget-wrap elementor-element-populated\">\n\t\t\t\t\t\t<div class=\"elementor-element elementor-element-8c45329 elementor-widget elementor-widget-text-editor\" data-id=\"8c45329\" data-element_type=\"widget\" data-e-type=\"widget\" data-widget_type=\"text-editor.default\">\n\t\t\t\t<div class=\"elementor-widget-container\">\n\t\t\t\t\t\t\t\t\t<p><strong>Our Team: <\/strong><\/p><p>Atty. Seyyid Ahmet HAKKAKUL <\/p><p>Dr. Cabir ALIYEV<\/p><p>Atty. Ezgi G\u00dcZEL <\/p><p>Mustafa Ekrem TOGAY<\/p><p><strong>Advisors:<\/strong><\/p><p>Prof. Dr. Fehim \u00dc\u00c7I\u015eIK<\/p>\t\t\t\t\t\t\t\t<\/div>\n\t\t\t\t<\/div>\n\t\t\t\t\t<\/div>\n\t\t<\/div>\n\t\t\t\t\t<\/div>\n\t\t<\/section>\n\t\t\t\t<\/div>\n\t\t","protected":false},"excerpt":{"rendered":"<p>Established in 2010 by Seyyid Ahmet Hakkakul, Esquire, Hakkakul Law Firm has built its reputation on three guiding principles: effectiveness, reliability, and creativity. Our mission is to deliver high-quality legal representation and strategic counsel to both domestic and international clients. We are particularly recognized for our expertise in Public Procurement Law, Corporate and Commercial Law, [&hellip;]<\/p>\n","protected":false},"author":1,"featured_media":0,"parent":0,"menu_order":0,"comment_status":"closed","ping_status":"closed","template":"","meta":{"_acf_changed":false,"footnotes":""},"class_list":["post-9739","page","type-page","status-publish","hentry"],"acf":[],"_links":{"self":[{"href":"http:\/\/www.hakkakul.com\/en\/wp-json\/wp\/v2\/pages\/9739","targetHints":{"allow":["GET"]}}],"collection":[{"href":"http:\/\/www.hakkakul.com\/en\/wp-json\/wp\/v2\/pages"}],"about":[{"href":"http:\/\/www.hakkakul.com\/en\/wp-json\/wp\/v2\/types\/page"}],"author":[{"embeddable":true,"href":"http:\/\/www.hakkakul.com\/en\/wp-json\/wp\/v2\/users\/1"}],"replies":[{"embeddable":true,"href":"http:\/\/www.hakkakul.com\/en\/wp-json\/wp\/v2\/comments?post=9739"}],"version-history":[{"count":4,"href":"http:\/\/www.hakkakul.com\/en\/wp-json\/wp\/v2\/pages\/9739\/revisions"}],"predecessor-version":[{"id":9761,"href":"http:\/\/www.hakkakul.com\/en\/wp-json\/wp\/v2\/pages\/9739\/revisions\/9761"}],"wp:attachment":[{"href":"http:\/\/www.hakkakul.com\/en\/wp-json\/wp\/v2\/media?parent=9739"}],"curies":[{"name":"wp","href":"https:\/\/api.w.org\/{rel}","templated":true}]}}